{"id":12,"date":"2016-02-02T20:59:16","date_gmt":"2016-02-02T20:59:16","guid":{"rendered":"http:\/\/wpeventime.tchaikovsky.design\/onepage\/?page_id=12"},"modified":"2026-03-04T18:28:03","modified_gmt":"2026-03-04T18:28:03","slug":"onepage","status":"publish","type":"page","link":"https:\/\/speedcab.pl\/","title":{"rendered":"OnePage"},"content":{"rendered":"<div class=\"wpb-content-wrapper\"><p>[vc_row][vc_column][vc_column_text]\n\t\t\t<!-- START eventime_main REVOLUTION SLIDER 6.6.20 --><p class=\"rs-p-wp-fix\"><\/p>\n\t\t\t<rs-module-wrap id=\"rev_slider_1_1_wrapper\" data-source=\"gallery\" style=\"visibility:hidden;background:#000000;padding:0;margin:0px auto;margin-top:0;margin-bottom:0;\">\n\t\t\t\t<rs-module id=\"rev_slider_1_1\" style=\"\" data-version=\"6.6.20\">\n\t\t\t\t\t<rs-slides style=\"overflow: hidden; position: absolute;\">\n\t\t\t\t\t\t<rs-slide style=\"position: absolute;\" data-key=\"rs-1\" data-title=\"Slide\" data-duration=\"9750\" data-anim=\"adpr:false;\" data-in=\"o:-0.5;sx:1.6;sy:1.6;e:power0.inOut;\" data-out=\"o:0;sx:0.6;sy:0.6;\" data-alttrans=\"fadefromtop\">\n\t\t\t\t\t\t\t<img decoding=\"async\" src=\"\/\/speedcab.pl\/wp-content\/plugins\/revslider\/public\/assets\/assets\/dummy.png\" alt=\"\" title=\"slider2\" width=\"2400\" height=\"1099\" class=\"rev-slidebg tp-rs-img rs-lazyload\" data-lazyload=\"\/\/speedcab.pl\/wp-content\/uploads\/2023\/12\/slider2.jpg\" data-parallax=\"off\" data-panzoom=\"d:20000;ss:120;se:100;\" data-no-retina>\n<!--\n\t\t\t\t\t\t\t--><rs-layer\n\t\t\t\t\t\t\t\tid=\"slider-1-slide-1-layer-0\" \n\t\t\t\t\t\t\t\tdata-type=\"image\"\n\t\t\t\t\t\t\t\tdata-rsp_ch=\"on\"\n\t\t\t\t\t\t\t\tdata-xy=\"x:r;xo:-164px,-208px,-40px,11px;yo:88px,108px,87px,316px;\"\n\t\t\t\t\t\t\t\tdata-text=\"w:normal;s:20,16,12,7;l:0,20,15,9;\"\n\t\t\t\t\t\t\t\tdata-dim=\"w:689px,568px,652px,402px;h:515px,425px,487px,300px;\"\n\t\t\t\t\t\t\t\tdata-frame_999=\"o:0;st:w;\"\n\t\t\t\t\t\t\t\tstyle=\"z-index:8;\"\n\t\t\t\t\t\t\t><img decoding=\"async\" src=\"\/\/speedcab.pl\/wp-content\/plugins\/revslider\/public\/assets\/assets\/dummy.png\" alt=\"\" class=\"tp-rs-img rs-lazyload\" width=\"1418\" height=\"1059\" data-lazyload=\"\/\/speedcab.pl\/wp-content\/uploads\/2023\/12\/paski.png\" data-no-retina> \n\t\t\t\t\t\t\t<\/rs-layer><!--\n\n\t\t\t\t\t\t\t--><rs-layer\n\t\t\t\t\t\t\t\tid=\"haslo\" \n\t\t\t\t\t\t\t\tdata-type=\"text\"\n\t\t\t\t\t\t\t\tdata-color=\"rgba(255,255,255,1)\"\n\t\t\t\t\t\t\t\tdata-xy=\"x:r,r,c,c;xo:2px,124px,0,0;y:m;yo:-11px,-24px,-163px,73px;\"\n\t\t\t\t\t\t\t\tdata-text=\"w:normal;s:38,36,34,28;l:40,40,38,26;ls:2,1px,1px,1px;fw:700,400,400,400;\"\n\t\t\t\t\t\t\t\tdata-dim=\"w:597px,520px,443px,312px;\"\n\t\t\t\t\t\t\t\tdata-basealign=\"slide\"\n\t\t\t\t\t\t\t\tdata-rsp_o=\"off\"\n\t\t\t\t\t\t\t\tdata-rsp_bd=\"off\"\n\t\t\t\t\t\t\t\tdata-frame_0=\"x:-100%;o:1;\"\n\t\t\t\t\t\t\t\tdata-frame_0_mask=\"u:t;\"\n\t\t\t\t\t\t\t\tdata-frame_1=\"st:50;sp:1500;\"\n\t\t\t\t\t\t\t\tdata-frame_1_mask=\"u:t;\"\n\t\t\t\t\t\t\t\tdata-frame_999=\"st:w;auto:true;\"\n\t\t\t\t\t\t\t\tdata-frame_999_mask=\"u:t;\"\n\t\t\t\t\t\t\t\tstyle=\"z-index:7;font-family:'Open Sans';text-transform:uppercase;#haslo{ font-family:\"PantonBoldItalic\" !important;\"\n\t\t\t\t\t\t\t>PROFESJONALIZM<br \/> I BEZPIECZE\u0143STWO NA KA\u017bDYM KILOMETRZE! \n\t\t\t\t\t\t\t<\/rs-layer><!--\n\n\t\t\t\t\t\t\t--><rs-layer\n\t\t\t\t\t\t\t\tid=\"haslo2\" \n\t\t\t\t\t\t\t\tdata-type=\"text\"\n\t\t\t\t\t\t\t\tdata-color=\"rgba(255,255,255,1)\"\n\t\t\t\t\t\t\t\tdata-xy=\"x:r,r,c,c;xo:166px,242px,0,0;y:m;yo:86px,74px,-65px,180px;\"\n\t\t\t\t\t\t\t\tdata-text=\"w:normal;s:24,22,24,24;l:28,24,28,26;ls:1,0px,0px,0px;\"\n\t\t\t\t\t\t\t\tdata-dim=\"w:430px,404px,402px,312px;\"\n\t\t\t\t\t\t\t\tdata-basealign=\"slide\"\n\t\t\t\t\t\t\t\tdata-rsp_o=\"off\"\n\t\t\t\t\t\t\t\tdata-rsp_bd=\"off\"\n\t\t\t\t\t\t\t\tdata-frame_0=\"x:-100%;o:1;\"\n\t\t\t\t\t\t\t\tdata-frame_0_mask=\"u:t;\"\n\t\t\t\t\t\t\t\tdata-frame_1=\"st:50;sp:1500;\"\n\t\t\t\t\t\t\t\tdata-frame_1_mask=\"u:t;\"\n\t\t\t\t\t\t\t\tdata-frame_999=\"st:w;auto:true;\"\n\t\t\t\t\t\t\t\tdata-frame_999_mask=\"u:t;\"\n\t\t\t\t\t\t\t\tstyle=\"z-index:6;font-family:'Open Sans';#haslo{ font-family:\"PantonBoldItalic\" !important;\"\n\t\t\t\t\t\t\t>Kompleksowe us\u0142ugi przejazdowe dla twojej firmy \n\t\t\t\t\t\t\t<\/rs-layer><!--\n-->\t\t\t\t\t\t<\/rs-slide>\n\t\t\t\t\t<\/rs-slides>\n\t\t\t\t<\/rs-module>\n\t\t\t\t<script>\n\t\t\t\t\tsetREVStartSize({c: 'rev_slider_1_1',rl:[1240,1024,778,480],el:[728,668,960,720],gw:[1240,1024,778,480],gh:[728,668,960,720],type:'standard',justify:'',layout:'fullwidth',mh:\"700px\"});if (window.RS_MODULES!==undefined && window.RS_MODULES.modules!==undefined && window.RS_MODULES.modules[\"revslider11\"]!==undefined) {window.RS_MODULES.modules[\"revslider11\"].once = false;window.revapi1 = undefined;if (window.RS_MODULES.checkMinimal!==undefined) window.RS_MODULES.checkMinimal()}\n\t\t\t\t<\/script>\n\t\t\t<\/rs-module-wrap>\n\t\t\t<!-- END REVOLUTION SLIDER -->\n[\/vc_column_text][\/vc_column][\/vc_row][vc_row el_id=&#8221;onas&#8221;][vc_column]<div class=\"clear\"><\/div><div class=\"firstrow  \" style=\"height: 400px;\"><div class=\"centred et-text-section-left\">\n                <div class=\"first_line \">\n                <\/div>\n                <div class=\"first_title\">\n                  <p>\n                    O nas\n                  <\/p>\n                <\/div>\n                <div class=\"first_description\">\n                  <p>\n                    W Speed Cab stawiamy na profesjonalizm i dobre praktyki zdobyte na drodze do\u015bwiadcze\u0144 Grupy Speed, kt\u00f3ra od 2016 roku nieustannie \u015bwiadczy najwy\u017cszej jako\u015bci us\u0142ugi. Nowoczesna flota, wykwalifikowani kierowcy i dopasowane rozwi\u0105zania do konkretnego Klienta biznesowego &#8211; to trzy elementy sk\u0142adaj\u0105ce si\u0119 na obustronne zadowolenie.<\/p>\n<p>Dok\u0142adamy wszelkich stara\u0144, \u017ceby za ka\u017cdym razem zleceniodawca czu\u0142 si\u0119 zaopiekowany: od zbadania potrzeb, przez realizacj\u0119 us\u0142ugi, a\u017c po przysz\u0142e zlecenia. Zale\u017cy nam na budowaniu relacji i wzajemnego zrozumienia. Misj\u0105 Speed Cab jest wysoki poziom satysfakcji Klienta z oferowanych przez nas us\u0142ug.\n                  <\/p>\n                <\/div>\n                <\/div><div class=\" first_image\" style=\"background-image: url(https:\/\/speedcab.pl\/wp-content\/uploads\/2023\/12\/image-1-1024x537.png);\"><\/div><\/div>[\/vc_column][\/vc_row][vc_row el_id=&#8221;oferta&#8221;][vc_column]<div class=\"clear\"><\/div><div class=\"firstrow  \" style=\"height: 400px;\"><div class=\" first_image\" style=\"background-image: url(https:\/\/speedcab.pl\/wp-content\/uploads\/2023\/12\/cars-1024x591.jpg);\"><\/div><div class=\"centred et-text-section-right\">\n                <div class=\"first_line \">\n                <\/div>\n                <div class=\"first_title\">\n                  <p>\n                    Oferta\n                  <\/p>\n                <\/div>\n                <div class=\"first_description\">\n                  <p>\n                    Ofert\u0119 kierujemy do tych, kt\u00f3rym zale\u017cy na bezproblemowych, jako\u015bciowych i bezpiecznych us\u0142ugach przejazdowych dla swojej firmy. Do zlece\u0144 podchodzimy indywidualnie, staraj\u0105c si\u0119 jak najlepiej odpowiedzie\u0107 na potrzeby Klienta. Jeste\u015bmy otwarci na wszelkiego rodzaju zadania specjalne czy losowe, wymagaj\u0105ce niekiedy elastyczno\u015bci oraz kreatywno\u015bci.<\/p>\n<p>Nasi kierowcy s\u0105 wykwalifikowani, odpowiednio przeszkoleni i dbaj\u0105cy na ka\u017cdym kilometrze o jako\u015b\u0107 przejazdu. Nowoczesne samochody osobowe, kt\u00f3rymi dysponujemy, odpowiadaj\u0105 korporacyjnym standardom i robi\u0105 dobre wra\u017cenie od pierwszego otwarcia drzwi.\n                  <\/p>\n                <\/div>\n                <\/div><\/div>[\/vc_column][\/vc_row][vc_row][vc_column]<div class=\"et-row   et-apply-gradient\">[vc_row_inner][vc_column_inner width=&#8221;1\/2&#8243;][vc_column_text css=&#8221;.vc_custom_1703696298085{margin-bottom: 50px !important;}&#8221;]<\/p>\n<h3 style=\"color: #fff;\">Przyk\u0142adowe us\u0142ugi, kt\u00f3re oferujemy w ramach kompleksowych us\u0142ug przejazdowych dla firm:<\/h3>\n<p>[\/vc_column_text][\/vc_column_inner][vc_column_inner width=&#8221;1\/4&#8243;][\/vc_column_inner][vc_column_inner width=&#8221;1\/4&#8243;][\/vc_column_inner][\/vc_row_inner][vc_row_inner][vc_column_inner el_class=&#8221;flexcont&#8221; width=&#8221;1\/3&#8243;][vc_icon icon_fontawesome=&#8221;fas fa-plane-departure&#8221; color=&#8221;white&#8221; el_class=&#8221;iconleft&#8221;][vc_column_text el_class=&#8221;iconleft&#8221;]<span style=\"font-weight: 400; color: #fff;\">Transfery pracownik\u00f3w z lotniska\/na lotnisko. <\/span>[\/vc_column_text][\/vc_column_inner][vc_column_inner el_class=&#8221;flexcont&#8221; width=&#8221;1\/3&#8243;][vc_icon icon_fontawesome=&#8221;fas fa-users&#8221; color=&#8221;white&#8221; el_class=&#8221;iconleft&#8221;][vc_column_text el_class=&#8221;iconleft&#8221;]<span style=\"font-weight: 400; color: #fff;\">Obs\u0142uga wyjazd\u00f3w delegacyjnych.<\/span>[\/vc_column_text][\/vc_column_inner][vc_column_inner el_class=&#8221;flexcont&#8221; width=&#8221;1\/3&#8243;][vc_icon icon_fontawesome=&#8221;fas fa-box-open&#8221; color=&#8221;white&#8221; el_class=&#8221;iconleft&#8221;][vc_column_text el_class=&#8221;iconleft&#8221;]<span style=\"font-weight: 400; color: #fff;\">Przew\u00f3z przesy\u0142ek.<\/span>[\/vc_column_text][\/vc_column_inner][\/vc_row_inner][vc_row_inner][vc_column_inner el_class=&#8221;flexcont&#8221; width=&#8221;1\/2&#8243;][vc_icon icon_fontawesome=&#8221;fas fa-shuttle-van&#8221; color=&#8221;white&#8221; el_class=&#8221;iconleft&#8221;][vc_column_text el_class=&#8221;iconleft&#8221;]<span style=\"font-weight: 400; color: #fff;\">Transport pracownik\u00f3w w konkretne miejsce &#8211; na spotkania, konferencje itd.<\/span>[\/vc_column_text][\/vc_column_inner][vc_column_inner el_class=&#8221;flexcont&#8221; width=&#8221;1\/2&#8243;][vc_icon icon_fontawesome=&#8221;fas fa-birthday-cake&#8221; color=&#8221;white&#8221; el_class=&#8221;iconleft&#8221;][vc_column_text el_class=&#8221;iconleft&#8221;]<span style=\"font-weight: 400; color: #fff;\">Obs\u0142uga imprez firmowych.<\/span>[\/vc_column_text][\/vc_column_inner][\/vc_row_inner]<div class=\"clear\"><\/div><\/div>[\/vc_column][\/vc_row][vc_row parallax=&#8221;content-moving-fade&#8221; parallax_image=&#8221;691&#8243; el_id=&#8221;aplikacja&#8221;][vc_column]<div class=\"et-row  mask \">[vc_row_inner][vc_column_inner width=&#8221;2\/3&#8243;][vc_column_text]<\/p>\n<h3 style=\"color: #fff;\">APLIKACJA<\/h3>\n<p>[\/vc_column_text][vc_empty_space][vc_column_text]<\/p>\n<p style=\"color: #fff;\">Aby jeszcze lepiej zadba\u0107 o jako\u015b\u0107 naszych us\u0142ug, stworzyli\u015bmy dedykowan\u0105 aplikacj\u0119 dost\u0119pn\u0105 dla Klienta biznesowego zar\u00f3wno na system Android, jak i iOS. Pozwala ona na dok\u0142adny wgl\u0105d w realizowane przejazdy, co dodatkowo wp\u0142ywa na poczucie bezpiecze\u0144stwa i satysfakcji.<\/p>\n<div class=\"gap\"><\/div>\n<h4 style=\"color: #fff;\">Benefity wynikaj\u0105ce z u\u017cywania aplikacji:<\/h4>\n<ul style=\"color: #fff;\">\n<li>Mo\u017cliwo\u015b\u0107 weryfikacji po\u0142o\u017cenia taks\u00f3wki w czasie rzeczywistym.<\/li>\n<li>Mo\u017cliwo\u015b\u0107 podpi\u0119cia wielu numer\u00f3w w firmie na przejazd.<\/li>\n<li>Vouchery bezgot\u00f3wkowe z mo\u017cliwo\u015bci\u0105 ustalenia bud\u017cetu na okre\u015blonego pracownika.<\/li>\n<li>Mo\u017cliwo\u015b\u0107 p\u0142atno\u015bci kart\u0105.<\/li>\n<\/ul>\n<p>[\/vc_column_text][vc_empty_space][vc_single_image image=&#8221;680&#8243; img_size=&#8221;200&#215;58&#8243; onclick=&#8221;custom_link&#8221; img_link_target=&#8221;_blank&#8221; el_class=&#8221;iconleft&#8221; css=&#8221;.vc_custom_1704701972032{margin-top: 20px !important;margin-right: 40px !important;margin-bottom: 20px !important;}&#8221; link=&#8221;https:\/\/apps.apple.com\/pl\/app\/speed-cab\/id6459994834?l=pl&#8221;][vc_single_image image=&#8221;679&#8243; img_size=&#8221;200&#215;58&#8243; onclick=&#8221;custom_link&#8221; el_class=&#8221;iconleft&#8221; css=&#8221;.vc_custom_1703768144134{margin-top: 20px !important;margin-bottom: 20px !important;}&#8221; link=&#8221;https:\/\/play.google.com\/store\/apps\/details?id=com.tiskel.tma.wroclawspeedcab&amp;hl=en_US&#8221;][vc_empty_space height=&#8221;82px&#8221;][\/vc_column_inner][vc_column_inner width=&#8221;1\/3&#8243;][vc_single_image image=&#8221;674&#8243; img_size=&#8221;full&#8221; alignment=&#8221;center&#8221; el_class=&#8221;imgapp&#8221; css=&#8221;.vc_custom_1703763415078{margin-top: -30px !important;margin-bottom: 50px !important;}&#8221;][\/vc_column_inner][\/vc_row_inner]<div class=\"clear\"><\/div><\/div>[\/vc_column][\/vc_row][vc_row][vc_column]<div class=\"et-row   et-apply-gradient\">[vc_row_inner][vc_column_inner width=&#8221;2\/4&#8243;][vc_column_text]<\/p>\n<h3 style=\"color: #fff;\">REFERENCJE<\/h3>\n<p>[\/vc_column_text][vc_empty_space height=&#8221;12px&#8221;][vc_column_text]<span style=\"font-weight: 400; color: #fff;\">Zadowoleni Klienci to nasz motor nap\u0119dowy! Chcemy, aby ka\u017cdy, kto zdecyduje si\u0119 na wsp\u00f3\u0142prac\u0119 ze Speed Cab &#8211; m\u00f3g\u0142 powiedzie\u0107 o nas same dobre s\u0142owa. <\/span>[\/vc_column_text][\/vc_column_inner][vc_column_inner width=&#8221;1\/4&#8243;][vc_empty_space height=&#8221;48px&#8221;][vc_btn title=&#8221;Pobierz Referencje DIAMENTUM.CLINIC&#8221; style=&#8221;outline&#8221; shape=&#8221;round&#8221; color=&#8221;default&#8221; align=&#8221;center&#8221; i_icon_fontawesome=&#8221;fas fa-angle-down&#8221; add_icon=&#8221;true&#8221; link=&#8221;url:https%3A%2F%2Fspeedcab.pl%2Fwp-content%2Fuploads%2F2024%2F01%2FSPEED-referencje.pdf|title:Toyota%20Referencje|target:_blank&#8221; css=&#8221;.vc_custom_1704657389862{margin-right: 25px !important;margin-left: 15px !important;}&#8221;][\/vc_column_inner][vc_column_inner width=&#8221;1\/4&#8243;][vc_empty_space height=&#8221;48px&#8221;][vc_btn title=&#8221;Pobierz Referencje HEBI BUD Sp. z 0.0.&#8221; style=&#8221;outline&#8221; shape=&#8221;round&#8221; color=&#8221;default&#8221; align=&#8221;center&#8221; i_icon_fontawesome=&#8221;fas fa-angle-down&#8221; add_icon=&#8221;true&#8221; link=&#8221;url:https%3A%2F%2Fspeedcab.pl%2Fwp-content%2Fuploads%2F2024%2F02%2FHEBIBUDSpz00.pdf|title:Toyota%20Referencje|target:_blank&#8221; css=&#8221;.vc_custom_1707255503388{margin-right: 25px !important;margin-left: 15px !important;}&#8221;][\/vc_column_inner][\/vc_row_inner]<div class=\"clear\"><\/div><\/div>[\/vc_column][\/vc_row][vc_row el_id=&#8221;kontakt&#8221;][vc_column css=&#8221;.vc_custom_1703766756648{background-image: url(https:\/\/speedcab.pl\/wp-content\/uploads\/2023\/12\/contact.jpg?id=715) !important;}&#8221;]<div class=\"et-row  mask \">[vc_empty_space height=&#8221;62px&#8221;][vc_row_inner][vc_column_inner width=&#8221;1\/2&#8243;][vc_empty_space]<div class=\"\"><div class=\"title_center\"><p class=\"\">Kontakt<\/p><\/div><div class=\"center_line\"><\/div><\/div>[vc_empty_space height=&#8221;22px&#8221;][vc_column_text css=&#8221;.vc_custom_1703766414624{margin-right: 50px !important;}&#8221;]Je\u015bli jeste\u015b Klientem biznesowym i zale\u017cy Ci na jako\u015bciowych przejazdach dla Twojej firmy &#8211; sprawd\u017a nasz\u0105 ofert\u0119. Dopasowan\u0105 do potrzeb, elastyczn\u0105, bezpieczn\u0105. Skontaktuj si\u0119 z nami i\u2026 w drog\u0119![\/vc_column_text][vc_empty_space height=&#8221;66px&#8221;][vc_column_text]<\/p>\n<h1 class=\"cablink\" style=\"text-align: center;\"><a href=\"tel:+48799115111\">+48 799 115 111<\/a><\/h1>\n<p>[\/vc_column_text][\/vc_column_inner][vc_column_inner width=&#8221;1\/2&#8243;][vc_column_text]<\/p>\n<h3><strong>Zapraszamy do skorzystania z naszych us\u0142ug:<\/strong><\/h3>\n<p>[\/vc_column_text][vc_empty_space]\n<div class=\"wpcf7 no-js\" id=\"wpcf7-f582-o1\" lang=\"pl-PL\" dir=\"ltr\">\n<div class=\"screen-reader-response\"><p role=\"status\" aria-live=\"polite\" aria-atomic=\"true\"><\/p> <ul><\/ul><\/div>\n<form action=\"\/index.php?rest_route=%2Fwp%2Fv2%2Fpages%2F12#wpcf7-f582-o1\" method=\"post\" class=\"wpcf7-form init\" aria-label=\"Formularz kontaktowy\" novalidate=\"novalidate\" data-status=\"init\">\n<div style=\"display: none;\">\n<input type=\"hidden\" name=\"_wpcf7\" value=\"582\" \/>\n<input type=\"hidden\" name=\"_wpcf7_version\" value=\"5.8.5\" \/>\n<input type=\"hidden\" name=\"_wpcf7_locale\" value=\"pl_PL\" \/>\n<input type=\"hidden\" name=\"_wpcf7_unit_tag\" value=\"wpcf7-f582-o1\" \/>\n<input type=\"hidden\" name=\"_wpcf7_container_post\" value=\"0\" \/>\n<input type=\"hidden\" name=\"_wpcf7_posted_data_hash\" value=\"\" \/>\n<\/div>\n<p><label> Twoje imi\u0119 i nazwisko<br \/>\n<span class=\"wpcf7-form-control-wrap\" data-name=\"your-name\"><input size=\"40\" class=\"wpcf7-form-control wpcf7-text wpcf7-validates-as-required\" autocomplete=\"name\" aria-required=\"true\" aria-invalid=\"false\" value=\"\" type=\"text\" name=\"your-name\" \/><\/span> <\/label>\n<\/p>\n<p><label> Tw\u00f3j adres e-mail<br \/>\n<span class=\"wpcf7-form-control-wrap\" data-name=\"your-email\"><input size=\"40\" class=\"wpcf7-form-control wpcf7-email wpcf7-validates-as-required wpcf7-text wpcf7-validates-as-email\" autocomplete=\"email\" aria-required=\"true\" aria-invalid=\"false\" value=\"\" type=\"email\" name=\"your-email\" \/><\/span> <\/label>\n<\/p>\n<p><label> Tw\u00f3j telefon<br \/>\n<span class=\"wpcf7-form-control-wrap\" data-name=\"tel-430\"><input size=\"40\" class=\"wpcf7-form-control wpcf7-tel wpcf7-validates-as-required wpcf7-text wpcf7-validates-as-tel\" aria-required=\"true\" aria-invalid=\"false\" value=\"\" type=\"tel\" name=\"tel-430\" \/><\/span><\/label>\n<\/p>\n<p><label> Komentarz (opcjonalne)<br \/>\n<span class=\"wpcf7-form-control-wrap\" data-name=\"your-message\"><textarea cols=\"40\" rows=\"2\" class=\"wpcf7-form-control wpcf7-textarea\" aria-invalid=\"false\" name=\"your-message\"><\/textarea><\/span> <\/label>\n<\/p>\n<p><input class=\"wpcf7-form-control wpcf7-submit has-spinner\" type=\"submit\" value=\"Wy\u015blij\" \/>\n<\/p><div class=\"wpcf7-response-output\" aria-hidden=\"true\"><\/div>\n<\/form>\n<\/div>\n[vc_empty_space height=&#8221;132px&#8221;][\/vc_column_inner][\/vc_row_inner][vc_single_image image=&#8221;719&#8243; img_size=&#8221;full&#8221; alignment=&#8221;center&#8221; onclick=&#8221;custom_link&#8221; link=&#8221;https:\/\/speedwroclaw.com\/&#8221;][vc_empty_space height=&#8221;132px&#8221;]<div class=\"clear\"><\/div><\/div>[\/vc_column][\/vc_row]<\/p>\n<\/div>","protected":false},"excerpt":{"rendered":"<p>Organization of a Design Days Conference series is a result of the continued policy and continuous learning process, connecting researchers and practitioners attempting to understand better the problems they are trying to address. The objectives of the Design Days Conferences tend to be integrative across the various disciplines, to reach the current state-of-the-art, to cover the multidisciplinary aspects of design and to assure high level review policy. <\/p>\n","protected":false},"author":1,"featured_media":0,"parent":0,"menu_order":0,"comment_status":"closed","ping_status":"closed","template":"fullwidth.php","meta":{"footnotes":""},"class_list":["post-12","page","type-page","status-publish","hentry",""],"_links":{"self":[{"href":"https:\/\/speedcab.pl\/index.php?rest_route=\/wp\/v2\/pages\/12","targetHints":{"allow":["GET"]}}],"collection":[{"href":"https:\/\/speedcab.pl\/index.php?rest_route=\/wp\/v2\/pages"}],"about":[{"href":"https:\/\/speedcab.pl\/index.php?rest_route=\/wp\/v2\/types\/page"}],"author":[{"embeddable":true,"href":"https:\/\/speedcab.pl\/index.php?rest_route=\/wp\/v2\/users\/1"}],"replies":[{"embeddable":true,"href":"https:\/\/speedcab.pl\/index.php?rest_route=%2Fwp%2Fv2%2Fcomments&post=12"}],"version-history":[{"count":88,"href":"https:\/\/speedcab.pl\/index.php?rest_route=\/wp\/v2\/pages\/12\/revisions"}],"predecessor-version":[{"id":777,"href":"https:\/\/speedcab.pl\/index.php?rest_route=\/wp\/v2\/pages\/12\/revisions\/777"}],"wp:attachment":[{"href":"https:\/\/speedcab.pl\/index.php?rest_route=%2Fwp%2Fv2%2Fmedia&parent=12"}],"curies":[{"name":"wp","href":"https:\/\/api.w.org\/{rel}","templated":true}]}}